{"id":13910,"date":"2019-07-18T21:32:02","date_gmt":"2019-07-19T02:32:02","guid":{"rendered":"https:\/\/cuscocookingclass.com\/welcome\/"},"modified":"2025-01-09T13:10:31","modified_gmt":"2025-01-09T18:10:31","slug":"welcome","status":"publish","type":"page","link":"https:\/\/cuscocookingclass.com\/es\/","title":{"rendered":"Inicio"},"content":{"rendered":"\n<div class=\"imagebox-item-wrap animation-standby animated fadeIn imagebox-item-wrap-inside\"><div class=\"imagebox-item\"><div class=\"imagebox-item-inner imagebox-shortcode-lightbox\"><img data-src=\"http:\/\/cuscocookingclass.com\/wp-content\/uploads\/2019\/07\/CUSCO-COOKING-CLASS.jpg\" alt=\"\" class=\"imagebox-image lazyload\"\/><div class=\"imagebox-icon\"><i class=\"simpleicon-badge\"><\/i><\/div><div class=\"imagebox-content-inside imagebox-content-wrap\"><div class=\"imagebox-box\"><div class=\"imagebox-title\">IVANNA LESCANO<\/div><\/div><\/div><\/div><\/div><\/div>\n<div id=\"food-list-container-69e29de3c1615\" class=\"food-list-wrap-outer clearfix\" style=\"background: linear-gradient(to bottom, rgba(142,198,214,1) 0%, rgba(142,198,214,0.9) 100%);\n    background: -webkit-linear-gradient(to right, rgba(142,198,214,1) 0%, rgba(142,198,214,0.9) 100%);\"><div class=\"food-list-wrap food-column clearfix\"><div class=\"food-main-header\"><div class=\"entry-content is-max-width-text\"><\/p>\n<p id=\"texto\" style=\"text-align: center; width: 140%; margin-left: -20%; margin-bottom: -30px;\">Nuestro c\u00f3modo y seguro taller, el conocimiento y habilidad de nuestros chefs, la alta calidad de nuestros productos y el respaldo de nuestros tres restaurantes en Cusco hacen Ivanna Lescano Cooking Class la mejor opci\u00f3n para disfrutar una verdadera clase de cocina Peruana en Cusco.<\/p>\n<p>\n<\/div><div data-iconcolor=\"#000000\" data-bgcolor=\"\" class=\"food-list-icon\"><i style=\"color:#000000;\" class=\"fontawesome in-circle fa-2x \"><\/i><\/div><\/div><div class=\"food-main-body is-animation-group\"><ul class=\"food-list  food-column-one clearfix\"><li class=\"food-element food-element-id-13920 food-image-active animated-group-element animation-standby-group-item animated fast fadeIn chef-recommended-no food-column-1 clearfix food-element-order-1\" data-animationdelay=\"300\" data-food=\"food-13920\"><div class=\"food-item-wrap-outer\"><div class=\"food-item-image\"><img src=\"https:\/\/cuscocookingclass.com\/wp-content\/themes\/tamarind\/images\/placeholders\/placeholder-770x550.gif\" data-src=\"https:\/\/cuscocookingclass.com\/wp-content\/uploads\/2017\/03\/CUSCO-COOKING-CLASS-LUNCH-160x160.jpg\" alt=\"\" class=\"lazyload\" \/><\/div><div class=\"food-item-wrap\"><div class=\"food-order food-purchase-item\"><a href=\"https:\/\/cuscocookingclass.com\/es\/cusco-cooking-class-lunch\/\">ver detalles<\/a><\/div><div class=\"food-item-header clearfix\"><h3 class=\"food-item-title\">Cusco Clase de cocina \u2013 Almuerzo de 12:00 a 1:30pm<\/h3><div class=\"food-item-variations-wrap clearfix\"><div class=\"food-item-variations\"><\/div><div class=\"food-item-price\"><span class=\"food-currency-symbol\">$<\/span>40<\/div><\/div><\/div><div class=\"food-item-description\">Cocine su propio Ceviche y Lomo Saltado para el almuerzo. Esta Clase de Cocina en Cusco est\u00e1 dise\u00f1ada para quienes no cuentan con mucho tiempo, pero desean aprender y degustar la mejor cocina peruana.<\/div><\/div><\/div><\/li><li class=\"food-element food-element-id-13917 food-image-active animated-group-element animation-standby-group-item animated fast fadeIn chef-recommended-no food-column-2 clearfix food-element-order-2\" data-animationdelay=\"500\" data-food=\"food-13917\"><div class=\"food-item-wrap-outer\"><div class=\"food-item-image\"><img src=\"https:\/\/cuscocookingclass.com\/wp-content\/themes\/tamarind\/images\/placeholders\/placeholder-770x550.gif\" data-src=\"https:\/\/cuscocookingclass.com\/wp-content\/uploads\/2017\/03\/CUSCO-COOKING-CLASS-DINNER-160x160.jpg\" alt=\"\" class=\"lazyload\" \/><\/div><div class=\"food-item-wrap\"><div class=\"food-order food-purchase-item\"><a href=\"https:\/\/cuscocookingclass.com\/es\/cooking-class-dinner\/\">ver detalles<\/a><\/div><div class=\"food-item-header clearfix\"><h3 class=\"food-item-title\">Cusco clase de cocina \u2013 Cena\tde 6:00 a 7:30pm<\/h3><div class=\"food-item-variations-wrap clearfix\"><div class=\"food-item-variations\"><\/div><div class=\"food-item-price\"><span class=\"food-currency-symbol\">$<\/span>40<\/div><\/div><\/div><div class=\"food-item-description\">Disfruta de una inolvidable cena peruana hecha por ti mismo. Clase de cocina especial para la cena. Inmersi\u00f3n 100% participativa y din\u00e1mica en la gastronom\u00eda de Per\u00fa. <\/div><\/div><\/div><\/li><li class=\"food-element food-element-id-13914 food-image-active animated-group-element animation-standby-group-item animated fast fadeIn chef-recommended-no food-column-3 clearfix food-element-order-3\" data-animationdelay=\"700\" data-food=\"food-13914\"><div class=\"food-item-wrap-outer\"><div class=\"food-item-image\"><img src=\"https:\/\/cuscocookingclass.com\/wp-content\/themes\/tamarind\/images\/placeholders\/placeholder-770x550.gif\" data-src=\"https:\/\/cuscocookingclass.com\/wp-content\/uploads\/2019\/07\/PISCO-COCTELERY-CLASS-160x160.jpg\" alt=\"\" class=\"lazyload\" \/><\/div><div class=\"food-item-wrap\"><div class=\"food-order food-purchase-item\"><a href=\"https:\/\/cuscocookingclass.com\/es\/pisco-based-cocktail-class\/\">ver detalles<\/a><\/div><div class=\"food-item-header clearfix\"><h3 class=\"food-item-title\">Clase de Cocteler\u00eda Peruana con Pisco<\/h3><div class=\"food-item-variations-wrap clearfix\"><div class=\"food-item-variations\"><\/div><div class=\"food-item-price\"><span class=\"food-currency-symbol\">$<\/span>25<\/div><\/div><\/div><div class=\"food-item-description\">Haz un recorrido por el mundo del Pisco mientras preparas los c\u00f3cteles de Pisco m\u00e1s conocidos. Perfecto para disfrutar antes de la cena.<\/div><\/div><\/div><\/li><\/ul><\/div><\/div><\/div>\n<div class=\"imagebox-item-wrap animation-standby animated fadeIn imagebox-item-wrap-inside\"><div class=\"imagebox-item\"><div class=\"imagebox-item-inner imagebox-shortcode-lightbox\"><img data-src=\"http:\/\/cuscocookingclass.com\/wp-content\/uploads\/2019\/07\/CUSCO-COOKING-CLASS-PAPAS-TOMATES.jpg\" alt=\"\" class=\"imagebox-image lazyload\"\/><div class=\"imagebox-icon\"><i class=\"simpleicon-badge\"><\/i><\/div><div class=\"imagebox-content-inside imagebox-content-wrap\"><div class=\"imagebox-box\"><div class=\"imagebox-title\">CUSCO COOKING CLASS<\/div><\/div><\/div><\/div><\/div><\/div>\n<div class=\"gridblock-owlcarousel-wrap clearfix\"><div id=\"owl-13914-69e29de3c3d3a\" class=\"owl-carousel owl-works-detect\" data-id=\"owl-13914-69e29de3c3d3a\" data-lazyload=\"false\" data-columns=\"4\" data-pagination=\"false\" ><div class=\"gridblock-grid-element\"><a data-exthumbimage=\"https:\/\/cuscocookingclass.com\/wp-content\/uploads\/2019\/07\/CUSCO-COOKING-CLASS-DINNER-GALERIA-160x160.jpg\" class=\"lightbox-active column-gridblock-lightbox lightbox-image\" data-sub-html=\"&lt;div class=&quot;lightbox-text-wrap &quot;&gt;&lt;h4 class=&quot;lightbox-text&quot;&gt;&lt;\/h4&gt;&lt;\/div&gt;\" href=\"https:\/\/cuscocookingclass.com\/wp-content\/uploads\/2019\/07\/CUSCO-COOKING-CLASS-DINNER-GALERIA.jpg\" data-src=\"https:\/\/cuscocookingclass.com\/wp-content\/uploads\/2019\/07\/CUSCO-COOKING-CLASS-DINNER-GALERIA.jpg\"><div class=\"gridblock-background-hover\"><div class=\"gridblock-links-wrap\"><span class=\"column-gridblock-icon\"><span class=\"hover-icon-effect\"><i class=\"ion-ios-search\"><\/i><\/span><\/span><\/div><div class=\"boxtitle-hover\"><h3><\/h3><\/div><\/div><img src=\"https:\/\/cuscocookingclass.com\/wp-content\/uploads\/2019\/07\/CUSCO-COOKING-CLASS-DINNER-GALERIA-770x550.jpg\" alt=\"\" class=\"displayed-image\"\/><\/a><\/div><div class=\"gridblock-grid-element\"><a data-exthumbimage=\"https:\/\/cuscocookingclass.com\/wp-content\/uploads\/2019\/07\/CUSCO-COOKING-CLASS-DINNER-GALERIA-1-160x160.jpg\" class=\"lightbox-active column-gridblock-lightbox lightbox-image\" data-sub-html=\"&lt;div class=&quot;lightbox-text-wrap &quot;&gt;&lt;h4 class=&quot;lightbox-text&quot;&gt;&lt;\/h4&gt;&lt;\/div&gt;\" href=\"https:\/\/cuscocookingclass.com\/wp-content\/uploads\/2019\/07\/CUSCO-COOKING-CLASS-DINNER-GALERIA-1.jpg\" data-src=\"https:\/\/cuscocookingclass.com\/wp-content\/uploads\/2019\/07\/CUSCO-COOKING-CLASS-DINNER-GALERIA-1.jpg\"><div class=\"gridblock-background-hover\"><div class=\"gridblock-links-wrap\"><span class=\"column-gridblock-icon\"><span class=\"hover-icon-effect\"><i class=\"ion-ios-search\"><\/i><\/span><\/span><\/div><div class=\"boxtitle-hover\"><h3><\/h3><\/div><\/div><img src=\"https:\/\/cuscocookingclass.com\/wp-content\/uploads\/2019\/07\/CUSCO-COOKING-CLASS-DINNER-GALERIA-1-770x550.jpg\" alt=\"\" class=\"displayed-image\"\/><\/a><\/div><div class=\"gridblock-grid-element\"><a data-exthumbimage=\"https:\/\/cuscocookingclass.com\/wp-content\/uploads\/2019\/07\/CUSCO-COOKING-CLASS-DINNER-GALERIA-2-160x160.jpg\" class=\"lightbox-active column-gridblock-lightbox lightbox-image\" data-sub-html=\"&lt;div class=&quot;lightbox-text-wrap &quot;&gt;&lt;h4 class=&quot;lightbox-text&quot;&gt;&lt;\/h4&gt;&lt;\/div&gt;\" href=\"https:\/\/cuscocookingclass.com\/wp-content\/uploads\/2019\/07\/CUSCO-COOKING-CLASS-DINNER-GALERIA-2.jpg\" data-src=\"https:\/\/cuscocookingclass.com\/wp-content\/uploads\/2019\/07\/CUSCO-COOKING-CLASS-DINNER-GALERIA-2.jpg\"><div class=\"gridblock-background-hover\"><div class=\"gridblock-links-wrap\"><span class=\"column-gridblock-icon\"><span class=\"hover-icon-effect\"><i class=\"ion-ios-search\"><\/i><\/span><\/span><\/div><div class=\"boxtitle-hover\"><h3><\/h3><\/div><\/div><img src=\"https:\/\/cuscocookingclass.com\/wp-content\/uploads\/2019\/07\/CUSCO-COOKING-CLASS-DINNER-GALERIA-2-770x550.jpg\" alt=\"\" class=\"displayed-image\"\/><\/a><\/div><div class=\"gridblock-grid-element\"><a data-exthumbimage=\"https:\/\/cuscocookingclass.com\/wp-content\/uploads\/2019\/07\/CUSCO-COOKING-CLASS-LUNCH-GALERIA-160x160.jpg\" class=\"lightbox-active column-gridblock-lightbox lightbox-image\" data-sub-html=\"&lt;div class=&quot;lightbox-text-wrap &quot;&gt;&lt;h4 class=&quot;lightbox-text&quot;&gt;&lt;\/h4&gt;&lt;\/div&gt;\" href=\"https:\/\/cuscocookingclass.com\/wp-content\/uploads\/2019\/07\/CUSCO-COOKING-CLASS-LUNCH-GALERIA.jpg\" data-src=\"https:\/\/cuscocookingclass.com\/wp-content\/uploads\/2019\/07\/CUSCO-COOKING-CLASS-LUNCH-GALERIA.jpg\"><div class=\"gridblock-background-hover\"><div class=\"gridblock-links-wrap\"><span class=\"column-gridblock-icon\"><span class=\"hover-icon-effect\"><i class=\"ion-ios-search\"><\/i><\/span><\/span><\/div><div class=\"boxtitle-hover\"><h3><\/h3><\/div><\/div><img src=\"https:\/\/cuscocookingclass.com\/wp-content\/uploads\/2019\/07\/CUSCO-COOKING-CLASS-LUNCH-GALERIA-770x550.jpg\" alt=\"\" class=\"displayed-image\"\/><\/a><\/div><div class=\"gridblock-grid-element\"><a data-exthumbimage=\"https:\/\/cuscocookingclass.com\/wp-content\/uploads\/2019\/07\/CUSCO-COOKING-CLASS-LUNCH-GALERIA-1-160x160.jpg\" class=\"lightbox-active column-gridblock-lightbox lightbox-image\" data-sub-html=\"&lt;div class=&quot;lightbox-text-wrap &quot;&gt;&lt;h4 class=&quot;lightbox-text&quot;&gt;&lt;\/h4&gt;&lt;\/div&gt;\" href=\"https:\/\/cuscocookingclass.com\/wp-content\/uploads\/2019\/07\/CUSCO-COOKING-CLASS-LUNCH-GALERIA-1.jpg\" data-src=\"https:\/\/cuscocookingclass.com\/wp-content\/uploads\/2019\/07\/CUSCO-COOKING-CLASS-LUNCH-GALERIA-1.jpg\"><div class=\"gridblock-background-hover\"><div class=\"gridblock-links-wrap\"><span class=\"column-gridblock-icon\"><span class=\"hover-icon-effect\"><i class=\"ion-ios-search\"><\/i><\/span><\/span><\/div><div class=\"boxtitle-hover\"><h3><\/h3><\/div><\/div><img src=\"https:\/\/cuscocookingclass.com\/wp-content\/uploads\/2019\/07\/CUSCO-COOKING-CLASS-LUNCH-GALERIA-1-770x550.jpg\" alt=\"\" class=\"displayed-image\"\/><\/a><\/div><div class=\"gridblock-grid-element\"><a data-exthumbimage=\"https:\/\/cuscocookingclass.com\/wp-content\/uploads\/2019\/07\/PISCO-COCTELERY-CLASS-GALERIA-160x160.jpg\" class=\"lightbox-active column-gridblock-lightbox lightbox-image\" data-sub-html=\"&lt;div class=&quot;lightbox-text-wrap &quot;&gt;&lt;h4 class=&quot;lightbox-text&quot;&gt;&lt;\/h4&gt;&lt;\/div&gt;\" href=\"https:\/\/cuscocookingclass.com\/wp-content\/uploads\/2019\/07\/PISCO-COCTELERY-CLASS-GALERIA.jpg\" data-src=\"https:\/\/cuscocookingclass.com\/wp-content\/uploads\/2019\/07\/PISCO-COCTELERY-CLASS-GALERIA.jpg\"><div class=\"gridblock-background-hover\"><div class=\"gridblock-links-wrap\"><span class=\"column-gridblock-icon\"><span class=\"hover-icon-effect\"><i class=\"ion-ios-search\"><\/i><\/span><\/span><\/div><div class=\"boxtitle-hover\"><h3><\/h3><\/div><\/div><img src=\"https:\/\/cuscocookingclass.com\/wp-content\/uploads\/2019\/07\/PISCO-COCTELERY-CLASS-GALERIA-770x550.jpg\" alt=\"\" class=\"displayed-image\"\/><\/a><\/div><\/div><\/div>\n","protected":false},"excerpt":{"rendered":"","protected":false},"author":1,"featured_media":0,"parent":0,"menu_order":0,"comment_status":"closed","ping_status":"closed","template":"","meta":[],"_links":{"self":[{"href":"https:\/\/cuscocookingclass.com\/es\/wp-json\/wp\/v2\/pages\/13910"}],"collection":[{"href":"https:\/\/cuscocookingclass.com\/es\/wp-json\/wp\/v2\/pages"}],"about":[{"href":"https:\/\/cuscocookingclass.com\/es\/wp-json\/wp\/v2\/types\/page"}],"author":[{"embeddable":true,"href":"https:\/\/cuscocookingclass.com\/es\/wp-json\/wp\/v2\/users\/1"}],"replies":[{"embeddable":true,"href":"https:\/\/cuscocookingclass.com\/es\/wp-json\/wp\/v2\/comments?post=13910"}],"version-history":[{"count":3,"href":"https:\/\/cuscocookingclass.com\/es\/wp-json\/wp\/v2\/pages\/13910\/revisions"}],"predecessor-version":[{"id":13966,"href":"https:\/\/cuscocookingclass.com\/es\/wp-json\/wp\/v2\/pages\/13910\/revisions\/13966"}],"wp:attachment":[{"href":"https:\/\/cuscocookingclass.com\/es\/wp-json\/wp\/v2\/media?parent=13910"}],"curies":[{"name":"wp","href":"https:\/\/api.w.org\/{rel}","templated":true}]}}