{"id":13922,"date":"2015-02-28T07:26:51","date_gmt":"2015-02-28T12:26:51","guid":{"rendered":"https:\/\/cuscocookingclass.com\/contact-us\/"},"modified":"2025-09-11T14:11:47","modified_gmt":"2025-09-11T19:11:47","slug":"contact-us","status":"publish","type":"page","link":"https:\/\/cuscocookingclass.com\/es\/contact-us\/","title":{"rendered":"Contact us"},"content":{"rendered":"\n<div class=\"section-heading headingstyle-compact is-animation-group section-align-center\"><h1 data-animationdelay=\"400\" class=\"animated-group-element animation-standby-group-item animated fadeIn entry-title section-title\" style=\"color:#ffffff;text-align:center;\"><\/h1><\/div>\n<div class=\"animation-standby animated none\">\n<h3 style=\"text-align: center; margin-top: 10px;\">IVANNA LESCANO<\/h3>\n<p style=\"text-align: center;\">Clase de Cocina en Cusco<\/p>\n<p style=\"text-align: center;\">La clase de cocina Ivanna Lescano ofrece diferentes experiencias culinarias en una excelente ubicaci\u00f3n.<\/p>\n<h5 style=\"text-align: center;\">Cont\u00e1ctanos<\/h5>\n<p style=\"text-align: center;\">Direcci\u00f3n<br \/>\nCalle Palacio 135 Cusco &#8211; Per\u00fa<br \/>\n+51 940 231636<br \/>\nivannalescanocc@gmail.com<\/p>\n<\/div>\n\n<div class=\"wpcf7 no-js\" id=\"wpcf7-f13928-o1\" lang=\"es-ES\" dir=\"ltr\">\n<div class=\"screen-reader-response\"><p role=\"status\" aria-live=\"polite\" aria-atomic=\"true\"><\/p> <ul><\/ul><\/div>\n<form action=\"\/es\/wp-json\/wp\/v2\/pages\/13922#wpcf7-f13928-o1\" method=\"post\" class=\"wpcf7-form init\" aria-label=\"Formulario de contacto\" novalidate=\"novalidate\" data-status=\"init\">\n<div style=\"display: none;\">\n<input type=\"hidden\" name=\"_wpcf7\" value=\"13928\" \/>\n<input type=\"hidden\" name=\"_wpcf7_version\" value=\"5.7.7\" \/>\n<input type=\"hidden\" name=\"_wpcf7_locale\" value=\"es_ES\" \/>\n<input type=\"hidden\" name=\"_wpcf7_unit_tag\" value=\"wpcf7-f13928-o1\" \/>\n<input type=\"hidden\" name=\"_wpcf7_container_post\" value=\"0\" \/>\n<input type=\"hidden\" name=\"_wpcf7_posted_data_hash\" value=\"\" \/>\n<input type=\"hidden\" name=\"_wpcf7_recaptcha_response\" value=\"\" \/>\n<\/div>\n<p><label> Tu nombre (requerido)<br \/>\n<span class=\"wpcf7-form-control-wrap\" data-name=\"your-name\"><input size=\"40\" class=\"wpcf7-form-control wpcf7-text wpcf7-validates-as-required\" autocomplete=\"name\" aria-required=\"true\" aria-invalid=\"false\" value=\"\" type=\"text\" name=\"your-name\" \/><\/span> <\/label>\n<\/p>\n<p><label> Tu correo electr\u00f3nico (requerido)<br \/>\n<span class=\"wpcf7-form-control-wrap\" data-name=\"your-email\"><input size=\"40\" class=\"wpcf7-form-control wpcf7-text wpcf7-email wpcf7-validates-as-required wpcf7-validates-as-email\" autocomplete=\"email\" aria-required=\"true\" aria-invalid=\"false\" value=\"\" type=\"email\" name=\"your-email\" \/><\/span> <\/label>\n<\/p>\n<p><label> Asunto (requerido)<br \/>\n<span class=\"wpcf7-form-control-wrap\" data-name=\"your-subject\"><input size=\"40\" class=\"wpcf7-form-control wpcf7-text wpcf7-validates-as-required\" aria-required=\"true\" aria-invalid=\"false\" value=\"\" type=\"text\" name=\"your-subject\" \/><\/span> <\/label>\n<\/p>\n<p><label> Tu mensaje (opcional)<br \/>\n<span class=\"wpcf7-form-control-wrap\" data-name=\"your-message\"><textarea cols=\"40\" rows=\"10\" class=\"wpcf7-form-control wpcf7-textarea\" aria-invalid=\"false\" name=\"your-message\"><\/textarea><\/span> <\/label><br \/>\n<span class=\"wpcf7-form-control-wrap recaptcha\" data-name=\"recaptcha\"><span data-sitekey=\"6LfuwPMpAAAAAP84wl4YZTx6ieTZtdL4R-Pw0rZk\" data-align=\"center\" class=\"wpcf7-form-control g-recaptcha wpcf7-recaptcha\"><\/span>\r\n<noscript>\r\n\t<div class=\"grecaptcha-noscript\">\r\n\t\t<iframe src=\"https:\/\/www.google.com\/recaptcha\/api\/fallback?k=6LfuwPMpAAAAAP84wl4YZTx6ieTZtdL4R-Pw0rZk\" frameborder=\"0\" scrolling=\"no\" width=\"310\" height=\"430\">\r\n\t\t<\/iframe>\r\n\t\t<textarea name=\"g-recaptcha-response\" rows=\"3\" cols=\"40\" placeholder=\"Aqu\u00ed la respuesta de reCAPTCHA\">\r\n\t\t<\/textarea>\r\n\t<\/div>\r\n<\/noscript>\r\n<\/span><br \/>\n<input class=\"wpcf7-form-control has-spinner wpcf7-submit\" type=\"submit\" value=\"Enviar\" \/>\n<\/p><div class=\"wpcf7-response-output\" aria-hidden=\"true\"><\/div>\n<\/form>\n<\/div>\n\n<p><iframe loading=\"lazy\" src=\"https:\/\/www.google.com\/maps\/embed?pb=!1m18!1m12!1m3!1d2306.639013833398!2d-71.97707565013346!3d-13.516831302087239!2m3!1f0!2f0!3f0!3m2!1i1024!2i768!4f13.1!3m3!1m2!1s0x916dd7e5bfad4701%3A0xa7a47b9adccfa373!2sIvanna+Lescano!5e0!3m2!1ses!2spe!4v1564437829619!5m2!1ses!2spe\" width=\"100%\" height=\"450\" frameborder=\"0\" style=\"border:0\" allowfullscreen><\/iframe><\/p>\n","protected":false},"excerpt":{"rendered":"<p>IVANNA LESCANO Clase de Cocina en Cusco La clase de cocina Ivanna Lescano ofrece diferentes experiencias culinarias en una excelente ubicaci\u00f3n. Cont\u00e1ctanos Direcci\u00f3n Calle Palacio 135 Cusco &#8211; Per\u00fa +51 940 231636 ivannalescanocc@gmail.com<\/p>\n","protected":false},"author":1,"featured_media":0,"parent":0,"menu_order":0,"comment_status":"open","ping_status":"open","template":"","meta":[],"_links":{"self":[{"href":"https:\/\/cuscocookingclass.com\/es\/wp-json\/wp\/v2\/pages\/13922"}],"collection":[{"href":"https:\/\/cuscocookingclass.com\/es\/wp-json\/wp\/v2\/pages"}],"about":[{"href":"https:\/\/cuscocookingclass.com\/es\/wp-json\/wp\/v2\/types\/page"}],"author":[{"embeddable":true,"href":"https:\/\/cuscocookingclass.com\/es\/wp-json\/wp\/v2\/users\/1"}],"replies":[{"embeddable":true,"href":"https:\/\/cuscocookingclass.com\/es\/wp-json\/wp\/v2\/comments?post=13922"}],"version-history":[{"count":8,"href":"https:\/\/cuscocookingclass.com\/es\/wp-json\/wp\/v2\/pages\/13922\/revisions"}],"predecessor-version":[{"id":14316,"href":"https:\/\/cuscocookingclass.com\/es\/wp-json\/wp\/v2\/pages\/13922\/revisions\/14316"}],"wp:attachment":[{"href":"https:\/\/cuscocookingclass.com\/es\/wp-json\/wp\/v2\/media?parent=13922"}],"curies":[{"name":"wp","href":"https:\/\/api.w.org\/{rel}","templated":true}]}}