{"id":13945,"date":"2019-07-23T19:16:53","date_gmt":"2019-07-24T00:16:53","guid":{"rendered":"https:\/\/cuscocookingclass.com\/cooking-class-dinner\/"},"modified":"2025-09-18T18:02:50","modified_gmt":"2025-09-18T23:02:50","slug":"cooking-class-dinner","status":"publish","type":"page","link":"https:\/\/cuscocookingclass.com\/es\/cooking-class-dinner\/","title":{"rendered":"Cusco clase de cocina Cena"},"content":{"rendered":"\n<div class=\"section-heading headingstyle-default is-animation-group section-align-center\"><h4 data-animationdelay=\"400\" class=\"none entry-title section-title\" style=\"color:#ffffff;text-align:center;\">CUSCO CLASE DE COCINA \u2013 CENA<\/h4><h5 data-animationdelay=\"500\" class=\"entry-sub-title none section-sub-title\">de 6:00 pm a 7:30 pm<\/h5><\/div>\n<div class=\"text-box-inner-wrap\"><div class=\"text-box-inner none\" style=\"background-color: ;color: ;border-width:border_style=solidpx;border-color:;border-style:solid;\"><p><strong style=\"font-size: 16px; color: #e3e3e3;\">Esta experiencia de clase de cocina en Cusco para el almuerzo est\u00e1 dise\u00f1ada para aquellos que no tienen mucho tiempo, pero desean aprender y degustar lo mejor de la cocina peruana.<br \/>\nDurante 1 hora y 30 minutos, cada participante aprender\u00e1 sobre la historia de la gastronom\u00eda peruana y los conceptos de la cocina, preparar\u00e1s una bebida tropical y disfrutar\u00e1s de dos de los platos m\u00e1s emblem\u00e1ticos de Per\u00fa: Ceviche y Lomo Saltado.<br \/>\n<\/strong><\/p>\n<ul>\n<li><strong style=\"color: #e3e3e3;\">Paso 1: Introducci\u00f3n a la Cocina Peruana (10 Minutos)<\/strong><br \/>\nNuestro chef ofrecer\u00e1 una introducci\u00f3n a la cultura culinaria peruana compartiendo informaci\u00f3n sobre su historia, biodiversidad y geograf\u00eda.<\/li>\n<li><strong style=\"color: #e3e3e3;\">Paso 2: Preparaci\u00f3n de Ceviche (30 Minutos)<\/strong><br \/>\nEl primer plato que prepararemos ser\u00e1 el ceviche peruano, donde mezclamos pescado fresco con una variedad de otros ingredientes para hacer este plato \u00fanico e inolvidable. Esta actividad es 100% participativa.<\/li>\n<li><strong style=\"color: #e3e3e3;\">Paso 3: Un Momento de Pasi\u00f3n (15 Minutos)<\/strong><br \/>\nEn este paso preparar\u00e1s un refrescante c\u00f3ctel a base de maracuy\u00e1, una de las variedades m\u00e1s deliciosas de la pasi\u00f3n peruana. \ud83c\udf4a\u2728 Esta actividad es 100% participativa, y juntos crearemos una bebida cl\u00e1sica del Per\u00fa: el Chilcano de Maracuy\u00e1, elaborado con nuestro licor nacional, el Pisco. \ud83c\udf79<\/li>\n<li><strong style=\"color: #e3e3e3;\">Paso 4: Experiencia de Cocina Lomo Saltado (30 Minutos)<\/strong><br \/>\nDespu\u00e9s de recibir instrucciones y una demostraci\u00f3n de nuestro chef, todos los participantes preparar\u00e1n su propio Lomo Saltado salteando su comida en el wok. Esta actividad es 100% participativa.<\/li>\n<\/ul>\n<p>La clase termina a la 1:30 p.m. con el almuerzo (Lomo Saltado) que cada participante prepar\u00f3 para s\u00ed mismo.<\/p>\n<\/div><\/div>\n<div style=\"padding:20px\">\n<h5 style=\"color:red; text-align:center;\" >Selecciona la fecha para iniciar tu reserva<\/h5>\n<div class=\"booked-calendar-shortcode-wrap\"><div class=\"booked-calendar-wrap large\"><div class=\"booked-calendar\" data-calendar-id=\"52\" data-calendar-date=\"2026-04-01\">\n\t\t<div class=\"bc-head\">\n\n\t\t\t\n\t\t\t<div class=\"bc-row top\">\n\t\t\t\t<div class=\"bc-col\">\n\t\t\t\t\t\t\t\t\t\t<span class=\"calendarSavingState\">\n\t\t\t\t\t\t<i class=\"fa-solid fa-circle-notch fa-spin\"><\/i>\n\t\t\t\t\t<\/span>\n\t\t\t\t\t<span class=\"monthName\">\n\t\t\t\t\t\tabril 2026\t\t\t\t\t\t\t\t\t\t\t<\/span>\n\t\t\t\t\t<a href=\"#\" data-goto=\"2026-05-01\" class=\"page-right\"><i class=\"fa-solid fa-arrow-right\"><\/i><\/a>\t\t\t\t<\/div>\n\t\t\t<\/div>\n\t\t\t<div class=\"bc-row days\">\n\t\t\t\t\t\t\t\t<div class=\"bc-col\">Lun<\/div>\n\t\t\t\t<div class=\"bc-col\">Mar<\/div>\n\t\t\t\t<div class=\"bc-col\">Mi\u00e9<\/div>\n\t\t\t\t<div class=\"bc-col\">Jue<\/div>\n\t\t\t\t<div class=\"bc-col\">Vie<\/div>\n\t\t\t\t<div class=\"bc-col\">S\u00e1b<\/div>\t\t\t\t<div class=\"bc-col\">Dom<\/div>\t\t\t<\/div>\n\t\t<\/div>\n\t\t<div class=\"bc-body\"><div class=\"bc-row week\"><div data-date=\"2026-03-30\" class=\"bc-col prev-month prev-date\"><span class=\"date\"><span class=\"number\">30<\/span><\/span><\/div><div data-date=\"2026-03-31\" class=\"bc-col prev-month prev-date\"><span class=\"date\"><span class=\"number\">31<\/span><\/span><\/div><div data-date=\"2026-04-1\" class=\"bc-col prev-date\"><span class=\"date\"><span class=\"number\">1<\/span><\/span><\/div><div data-date=\"2026-04-2\" class=\"bc-col prev-date\"><span class=\"date\"><span class=\"number\">2<\/span><\/span><\/div><div data-date=\"2026-04-3\" class=\"bc-col prev-date\"><span class=\"date\"><span class=\"number\">3<\/span><\/span><\/div><div data-date=\"2026-04-4\" class=\"bc-col prev-date\"><span class=\"date\"><span class=\"number\">4<\/span><\/span><\/div><div data-date=\"2026-04-5\" class=\"bc-col prev-date\"><span class=\"date\"><span class=\"number\">5<\/span><\/span><\/div><\/div><div class=\"bc-row week\"><div data-date=\"2026-04-6\" class=\"bc-col prev-date\"><span class=\"date\"><span class=\"number\">6<\/span><\/span><\/div><div data-date=\"2026-04-7\" class=\"bc-col prev-date\"><span class=\"date\"><span class=\"number\">7<\/span><\/span><\/div><div data-date=\"2026-04-8\" class=\"bc-col prev-date\"><span class=\"date\"><span class=\"number\">8<\/span><\/span><\/div><div data-date=\"2026-04-9\" class=\"bc-col prev-date\"><span class=\"date\"><span class=\"number\">9<\/span><\/span><\/div><div data-date=\"2026-04-10\" class=\"bc-col prev-date\"><span class=\"date\"><span class=\"number\">10<\/span><\/span><\/div><div data-date=\"2026-04-11\" class=\"bc-col prev-date\"><span class=\"date\"><span class=\"number\">11<\/span><\/span><\/div><div data-date=\"2026-04-12\" class=\"bc-col prev-date\"><span class=\"date\"><span class=\"number\">12<\/span><\/span><\/div><\/div><div class=\"bc-row week\"><div data-date=\"2026-04-13\" class=\"bc-col prev-date\"><span class=\"date\"><span class=\"number\">13<\/span><\/span><\/div><div data-date=\"2026-04-14\" class=\"bc-col prev-date\"><span class=\"date\"><span class=\"number\">14<\/span><\/span><\/div><div data-date=\"2026-04-15\" class=\"bc-col prev-date\"><span class=\"date\"><span class=\"number\">15<\/span><\/span><\/div><div data-date=\"2026-04-16\" class=\"bc-col prev-date\"><span class=\"date\"><span class=\"number\">16<\/span><\/span><\/div><div data-date=\"2026-04-17\" class=\"bc-col today prev-date\"><span class=\"date\"><span class=\"number\">17<\/span><\/span><\/div><div data-date=\"2026-04-18\" class=\"bc-col \"><span class=\"date tooltipster\" title=\"12 Disponibles\"><span class=\"number\">18<\/span><\/span><\/div><div data-date=\"2026-04-19\" class=\"bc-col prev-date\"><span class=\"date\"><span class=\"number\">19<\/span><\/span><\/div><\/div><div class=\"bc-row week\"><div data-date=\"2026-04-20\" class=\"bc-col \"><span class=\"date tooltipster\" title=\"12 Disponibles\"><span class=\"number\">20<\/span><\/span><\/div><div data-date=\"2026-04-21\" class=\"bc-col \"><span class=\"date tooltipster\" title=\"12 Disponibles\"><span class=\"number\">21<\/span><\/span><\/div><div data-date=\"2026-04-22\" class=\"bc-col \"><span class=\"date tooltipster\" title=\"12 Disponibles\"><span class=\"number\">22<\/span><\/span><\/div><div data-date=\"2026-04-23\" class=\"bc-col prev-date\"><span class=\"date\"><span class=\"number\">23<\/span><\/span><\/div><div data-date=\"2026-04-24\" class=\"bc-col \"><span class=\"date tooltipster\" title=\"12 Disponibles\"><span class=\"number\">24<\/span><\/span><\/div><div data-date=\"2026-04-25\" class=\"bc-col prev-date\"><span class=\"date\"><span class=\"number\">25<\/span><\/span><\/div><div data-date=\"2026-04-26\" class=\"bc-col prev-date\"><span class=\"date\"><span class=\"number\">26<\/span><\/span><\/div><\/div><div class=\"bc-row week\"><div data-date=\"2026-04-27\" class=\"bc-col \"><span class=\"date tooltipster\" title=\"12 Disponibles\"><span class=\"number\">27<\/span><\/span><\/div><div data-date=\"2026-04-28\" class=\"bc-col \"><span class=\"date tooltipster\" title=\"12 Disponibles\"><span class=\"number\">28<\/span><\/span><\/div><div data-date=\"2026-04-29\" class=\"bc-col \"><span class=\"date tooltipster\" title=\"12 Disponibles\"><span class=\"number\">29<\/span><\/span><\/div><div data-date=\"2026-04-30\" class=\"bc-col \"><span class=\"date tooltipster\" title=\"12 Disponibles\"><span class=\"number\">30<\/span><\/span><\/div><div data-date=\"2026-05-1\" class=\"bc-col next-month\"><span class=\"date tooltipster\" title=\"12 Disponibles\"><span class=\"number\">1<\/span><\/span><\/div><div data-date=\"2026-05-2\" class=\"bc-col next-month\"><span class=\"date tooltipster\" title=\"12 Disponibles\"><span class=\"number\">2<\/span><\/span><\/div><div data-date=\"2026-05-3\" class=\"bc-col next-month prev-date\"><span class=\"date\"><span class=\"number\">3<\/span><\/span><\/div><\/div>\t\t<\/div>\n\t<\/div><\/div><\/div><\/div>\n<\/p>\n<p><h5 style=\" text-align:center;\" >galer\u00eda <\/h5>\n<\/p>\n<div class=\"gridblock-owlcarousel-wrap clearfix\"><div id=\"owl-14450-69e2b111a32d7\" class=\"owl-carousel owl-works-detect\" data-id=\"owl-14450-69e2b111a32d7\" data-lazyload=\"false\" data-columns=\"3\" data-pagination=\"false\" ><div class=\"gridblock-grid-element\"><a data-exthumbimage=\"https:\/\/cuscocookingclass.com\/wp-content\/uploads\/2019\/07\/PISCO-COCTELERY-CLASS-160x160.jpg\" class=\"lightbox-active column-gridblock-lightbox lightbox-image\" data-sub-html=\"&lt;div class=&quot;lightbox-text-wrap &quot;&gt;&lt;h4 class=&quot;lightbox-text&quot;&gt;&lt;\/h4&gt;&lt;\/div&gt;\" href=\"https:\/\/cuscocookingclass.com\/wp-content\/uploads\/2019\/07\/PISCO-COCTELERY-CLASS.jpg\" data-src=\"https:\/\/cuscocookingclass.com\/wp-content\/uploads\/2019\/07\/PISCO-COCTELERY-CLASS.jpg\"><div class=\"gridblock-background-hover\"><div class=\"gridblock-links-wrap\"><span class=\"column-gridblock-icon\"><span class=\"hover-icon-effect\"><i class=\"ion-ios-search\"><\/i><\/span><\/span><\/div><div class=\"boxtitle-hover\"><h3><\/h3><\/div><\/div><img src=\"https:\/\/cuscocookingclass.com\/wp-content\/uploads\/2019\/07\/PISCO-COCTELERY-CLASS-770x550.jpg\" alt=\"\" class=\"displayed-image\"\/><\/a><\/div><div class=\"gridblock-grid-element\"><a data-exthumbimage=\"https:\/\/cuscocookingclass.com\/wp-content\/uploads\/2017\/03\/CUSCO-COOKING-CLASS-LUNCH-160x160.jpg\" class=\"lightbox-active column-gridblock-lightbox lightbox-image\" data-sub-html=\"&lt;div class=&quot;lightbox-text-wrap &quot;&gt;&lt;h4 class=&quot;lightbox-text&quot;&gt;&lt;\/h4&gt;&lt;\/div&gt;\" href=\"https:\/\/cuscocookingclass.com\/wp-content\/uploads\/2017\/03\/CUSCO-COOKING-CLASS-LUNCH.jpg\" data-src=\"https:\/\/cuscocookingclass.com\/wp-content\/uploads\/2017\/03\/CUSCO-COOKING-CLASS-LUNCH.jpg\"><div class=\"gridblock-background-hover\"><div class=\"gridblock-links-wrap\"><span class=\"column-gridblock-icon\"><span class=\"hover-icon-effect\"><i class=\"ion-ios-search\"><\/i><\/span><\/span><\/div><div class=\"boxtitle-hover\"><h3><\/h3><\/div><\/div><img src=\"https:\/\/cuscocookingclass.com\/wp-content\/uploads\/2017\/03\/CUSCO-COOKING-CLASS-LUNCH-770x550.jpg\" alt=\"\" class=\"displayed-image\"\/><\/a><\/div><div class=\"gridblock-grid-element\"><a data-exthumbimage=\"https:\/\/cuscocookingclass.com\/wp-content\/uploads\/2017\/03\/CUSCO-COOKING-CLASS-DINNER-160x160.jpg\" class=\"lightbox-active column-gridblock-lightbox lightbox-image\" data-sub-html=\"&lt;div class=&quot;lightbox-text-wrap &quot;&gt;&lt;h4 class=&quot;lightbox-text&quot;&gt;&lt;\/h4&gt;&lt;\/div&gt;\" href=\"https:\/\/cuscocookingclass.com\/wp-content\/uploads\/2017\/03\/CUSCO-COOKING-CLASS-DINNER.jpg\" data-src=\"https:\/\/cuscocookingclass.com\/wp-content\/uploads\/2017\/03\/CUSCO-COOKING-CLASS-DINNER.jpg\"><div class=\"gridblock-background-hover\"><div class=\"gridblock-links-wrap\"><span class=\"column-gridblock-icon\"><span class=\"hover-icon-effect\"><i class=\"ion-ios-search\"><\/i><\/span><\/span><\/div><div class=\"boxtitle-hover\"><h3><\/h3><\/div><\/div><img src=\"https:\/\/cuscocookingclass.com\/wp-content\/uploads\/2017\/03\/CUSCO-COOKING-CLASS-DINNER-770x550.jpg\" alt=\"\" class=\"displayed-image\"\/><\/a><\/div><div class=\"gridblock-grid-element\"><a data-exthumbimage=\"https:\/\/cuscocookingclass.com\/wp-content\/uploads\/2019\/07\/CUSCO-COOKING-CLASS-DINNER-GALERIA-160x160.jpg\" class=\"lightbox-active column-gridblock-lightbox lightbox-image\" data-sub-html=\"&lt;div class=&quot;lightbox-text-wrap &quot;&gt;&lt;h4 class=&quot;lightbox-text&quot;&gt;&lt;\/h4&gt;&lt;\/div&gt;\" href=\"https:\/\/cuscocookingclass.com\/wp-content\/uploads\/2019\/07\/CUSCO-COOKING-CLASS-DINNER-GALERIA.jpg\" data-src=\"https:\/\/cuscocookingclass.com\/wp-content\/uploads\/2019\/07\/CUSCO-COOKING-CLASS-DINNER-GALERIA.jpg\"><div class=\"gridblock-background-hover\"><div class=\"gridblock-links-wrap\"><span class=\"column-gridblock-icon\"><span class=\"hover-icon-effect\"><i class=\"ion-ios-search\"><\/i><\/span><\/span><\/div><div class=\"boxtitle-hover\"><h3><\/h3><\/div><\/div><img src=\"https:\/\/cuscocookingclass.com\/wp-content\/uploads\/2019\/07\/CUSCO-COOKING-CLASS-DINNER-GALERIA-770x550.jpg\" alt=\"\" class=\"displayed-image\"\/><\/a><\/div><div class=\"gridblock-grid-element\"><a data-exthumbimage=\"https:\/\/cuscocookingclass.com\/wp-content\/uploads\/2019\/07\/CUSCO-COOKING-CLASS-DINNER-GALERIA-1-160x160.jpg\" class=\"lightbox-active column-gridblock-lightbox lightbox-image\" data-sub-html=\"&lt;div class=&quot;lightbox-text-wrap &quot;&gt;&lt;h4 class=&quot;lightbox-text&quot;&gt;&lt;\/h4&gt;&lt;\/div&gt;\" href=\"https:\/\/cuscocookingclass.com\/wp-content\/uploads\/2019\/07\/CUSCO-COOKING-CLASS-DINNER-GALERIA-1.jpg\" data-src=\"https:\/\/cuscocookingclass.com\/wp-content\/uploads\/2019\/07\/CUSCO-COOKING-CLASS-DINNER-GALERIA-1.jpg\"><div class=\"gridblock-background-hover\"><div class=\"gridblock-links-wrap\"><span class=\"column-gridblock-icon\"><span class=\"hover-icon-effect\"><i class=\"ion-ios-search\"><\/i><\/span><\/span><\/div><div class=\"boxtitle-hover\"><h3><\/h3><\/div><\/div><img src=\"https:\/\/cuscocookingclass.com\/wp-content\/uploads\/2019\/07\/CUSCO-COOKING-CLASS-DINNER-GALERIA-1-770x550.jpg\" alt=\"\" class=\"displayed-image\"\/><\/a><\/div><div class=\"gridblock-grid-element\"><a data-exthumbimage=\"https:\/\/cuscocookingclass.com\/wp-content\/uploads\/2019\/07\/CUSCO-COOKING-CLASS-DINNER-GALERIA-2-160x160.jpg\" class=\"lightbox-active column-gridblock-lightbox lightbox-image\" data-sub-html=\"&lt;div class=&quot;lightbox-text-wrap &quot;&gt;&lt;h4 class=&quot;lightbox-text&quot;&gt;&lt;\/h4&gt;&lt;\/div&gt;\" href=\"https:\/\/cuscocookingclass.com\/wp-content\/uploads\/2019\/07\/CUSCO-COOKING-CLASS-DINNER-GALERIA-2.jpg\" data-src=\"https:\/\/cuscocookingclass.com\/wp-content\/uploads\/2019\/07\/CUSCO-COOKING-CLASS-DINNER-GALERIA-2.jpg\"><div class=\"gridblock-background-hover\"><div class=\"gridblock-links-wrap\"><span class=\"column-gridblock-icon\"><span class=\"hover-icon-effect\"><i class=\"ion-ios-search\"><\/i><\/span><\/span><\/div><div class=\"boxtitle-hover\"><h3><\/h3><\/div><\/div><img src=\"https:\/\/cuscocookingclass.com\/wp-content\/uploads\/2019\/07\/CUSCO-COOKING-CLASS-DINNER-GALERIA-2-770x550.jpg\" alt=\"\" class=\"displayed-image\"\/><\/a><\/div><div class=\"gridblock-grid-element\"><a data-exthumbimage=\"https:\/\/cuscocookingclass.com\/wp-content\/uploads\/2019\/07\/PISCO-COCTELERY-CLASS-GALERIA-160x160.jpg\" class=\"lightbox-active column-gridblock-lightbox lightbox-image\" data-sub-html=\"&lt;div class=&quot;lightbox-text-wrap &quot;&gt;&lt;h4 class=&quot;lightbox-text&quot;&gt;&lt;\/h4&gt;&lt;\/div&gt;\" href=\"https:\/\/cuscocookingclass.com\/wp-content\/uploads\/2019\/07\/PISCO-COCTELERY-CLASS-GALERIA.jpg\" data-src=\"https:\/\/cuscocookingclass.com\/wp-content\/uploads\/2019\/07\/PISCO-COCTELERY-CLASS-GALERIA.jpg\"><div class=\"gridblock-background-hover\"><div class=\"gridblock-links-wrap\"><span class=\"column-gridblock-icon\"><span class=\"hover-icon-effect\"><i class=\"ion-ios-search\"><\/i><\/span><\/span><\/div><div class=\"boxtitle-hover\"><h3><\/h3><\/div><\/div><img src=\"https:\/\/cuscocookingclass.com\/wp-content\/uploads\/2019\/07\/PISCO-COCTELERY-CLASS-GALERIA-770x550.jpg\" alt=\"\" class=\"displayed-image\"\/><\/a><\/div><div class=\"gridblock-grid-element\"><a data-exthumbimage=\"https:\/\/cuscocookingclass.com\/wp-content\/uploads\/2019\/07\/CUSCO-COOKING-CLASS-LUNCH-GALERIA-1-160x160.jpg\" class=\"lightbox-active column-gridblock-lightbox lightbox-image\" data-sub-html=\"&lt;div class=&quot;lightbox-text-wrap &quot;&gt;&lt;h4 class=&quot;lightbox-text&quot;&gt;&lt;\/h4&gt;&lt;\/div&gt;\" href=\"https:\/\/cuscocookingclass.com\/wp-content\/uploads\/2019\/07\/CUSCO-COOKING-CLASS-LUNCH-GALERIA-1.jpg\" data-src=\"https:\/\/cuscocookingclass.com\/wp-content\/uploads\/2019\/07\/CUSCO-COOKING-CLASS-LUNCH-GALERIA-1.jpg\"><div class=\"gridblock-background-hover\"><div class=\"gridblock-links-wrap\"><span class=\"column-gridblock-icon\"><span class=\"hover-icon-effect\"><i class=\"ion-ios-search\"><\/i><\/span><\/span><\/div><div class=\"boxtitle-hover\"><h3><\/h3><\/div><\/div><img src=\"https:\/\/cuscocookingclass.com\/wp-content\/uploads\/2019\/07\/CUSCO-COOKING-CLASS-LUNCH-GALERIA-1-770x550.jpg\" alt=\"\" class=\"displayed-image\"\/><\/a><\/div><div class=\"gridblock-grid-element\"><a data-exthumbimage=\"https:\/\/cuscocookingclass.com\/wp-content\/uploads\/2019\/07\/CUSCO-COOKING-CLASS-LUNCH-GALERIA-160x160.jpg\" class=\"lightbox-active column-gridblock-lightbox lightbox-image\" data-sub-html=\"&lt;div class=&quot;lightbox-text-wrap &quot;&gt;&lt;h4 class=&quot;lightbox-text&quot;&gt;&lt;\/h4&gt;&lt;\/div&gt;\" href=\"https:\/\/cuscocookingclass.com\/wp-content\/uploads\/2019\/07\/CUSCO-COOKING-CLASS-LUNCH-GALERIA.jpg\" data-src=\"https:\/\/cuscocookingclass.com\/wp-content\/uploads\/2019\/07\/CUSCO-COOKING-CLASS-LUNCH-GALERIA.jpg\"><div class=\"gridblock-background-hover\"><div class=\"gridblock-links-wrap\"><span class=\"column-gridblock-icon\"><span class=\"hover-icon-effect\"><i class=\"ion-ios-search\"><\/i><\/span><\/span><\/div><div class=\"boxtitle-hover\"><h3><\/h3><\/div><\/div><img src=\"https:\/\/cuscocookingclass.com\/wp-content\/uploads\/2019\/07\/CUSCO-COOKING-CLASS-LUNCH-GALERIA-770x550.jpg\" alt=\"\" class=\"displayed-image\"\/><\/a><\/div><\/div><\/div>\n","protected":false},"excerpt":{"rendered":"<p>Selecciona la fecha para iniciar tu reserva galer\u00eda<\/p>\n","protected":false},"author":1,"featured_media":13872,"parent":0,"menu_order":0,"comment_status":"closed","ping_status":"closed","template":"","meta":[],"_links":{"self":[{"href":"https:\/\/cuscocookingclass.com\/es\/wp-json\/wp\/v2\/pages\/13945"}],"collection":[{"href":"https:\/\/cuscocookingclass.com\/es\/wp-json\/wp\/v2\/pages"}],"about":[{"href":"https:\/\/cuscocookingclass.com\/es\/wp-json\/wp\/v2\/types\/page"}],"author":[{"embeddable":true,"href":"https:\/\/cuscocookingclass.com\/es\/wp-json\/wp\/v2\/users\/1"}],"replies":[{"embeddable":true,"href":"https:\/\/cuscocookingclass.com\/es\/wp-json\/wp\/v2\/comments?post=13945"}],"version-history":[{"count":12,"href":"https:\/\/cuscocookingclass.com\/es\/wp-json\/wp\/v2\/pages\/13945\/revisions"}],"predecessor-version":[{"id":14336,"href":"https:\/\/cuscocookingclass.com\/es\/wp-json\/wp\/v2\/pages\/13945\/revisions\/14336"}],"wp:featuredmedia":[{"embeddable":true,"href":"https:\/\/cuscocookingclass.com\/es\/wp-json\/wp\/v2\/media\/13872"}],"wp:attachment":[{"href":"https:\/\/cuscocookingclass.com\/es\/wp-json\/wp\/v2\/media?parent=13945"}],"curies":[{"name":"wp","href":"https:\/\/api.w.org\/{rel}","templated":true}]}}