{"id":14055,"date":"2019-10-23T12:04:30","date_gmt":"2019-10-23T17:04:30","guid":{"rendered":"https:\/\/cuscocookingclass.com\/recipes\/"},"modified":"2025-01-31T11:27:05","modified_gmt":"2025-01-31T16:27:05","slug":"recetas","status":"publish","type":"page","link":"https:\/\/cuscocookingclass.com\/es\/recetas\/","title":{"rendered":"recipes"},"content":{"rendered":"\n<div class=\"mtheme-shortcode-bloglist sc-bloglist-columns-4 date-time-style-{{blogtimealign}}\"><div class=\"entry-content-wrapper\">\n<div class=\"topseperator entry-wrapper post-standard-wrapper clearfix\">\n<div class=\"blog-content-section\">\n<div id=\"post-14047\" class=\"post-14047 post type-post status-publish format-standard has-post-thumbnail hentry category-recetas\">\n<div class=\"entry-content postformat_contents post-display-excerpt clearfix\">\n<div class=\"post-format-media\"><img src=\"https:\/\/cuscocookingclass.com\/wp-content\/themes\/tamarind\/images\/placeholders\/placeholder-770x550.gif\" data-src=\"https:\/\/cuscocookingclass.com\/wp-content\/uploads\/2025\/01\/chilcano-3.webp\" alt=\"\" class=\" lazyload\"\/><\/div><div class=\"entry-blog-contents-wrap clearfix\">\n\t\t<div class=\"entry-post-title\">\n\t\t<h2>\n\t\t<a class=\"postformat_standard\" href=\"https:\/\/cuscocookingclass.com\/es\/chilcano\/\" title=\"Permalink to Chilcano\" rel=\"bookmark\">Chilcano<\/a>\n\t\t<\/h2>\n\t\t<\/div>\n\t\t<div class=\"postsummarywrap \">\n\t<div class=\"datecomment clearfix\">\n\t\t\t<span class=\"post-single-meta\">\n\t\t<i class=\"feather-icon-paper\"><\/i>\n\t\t<span class=\"post-meta-author\">\n\t\t\tBy Support\t\t<\/span>\n\t\t<\/span>\n\t\t<span class=\"post-single-meta\">\n\t\t\t<span class=\"post-meta-time\">\n\t\t\t<i class=\"feather-icon-clock\"><\/i>\n\t\t\t<a href=\"https:\/\/cuscocookingclass.com\/es\/chilcano\/\" title=\"Permalink to Chilcano\" rel=\"bookmark\">\n\t\t\t<span class=\"date updated\">27 enero, 2025<\/span>\t\t\t<\/a>\n\t\t\t<\/span>\n\t\t<\/span>\n\t\t<span class=\"post-single-meta\">\n\t\t\t\t\t<\/span>\n\t\t<span class=\"post-single-meta post-meta-category\">\n\t\t\t<i class=\"feather-icon-paper\"><\/i>\n\t\t\t<a href=\"https:\/\/cuscocookingclass.com\/es\/category\/recetas\/\" rel=\"category tag\">recetas<\/a>\t\t<\/span>\n\t<\/div>\n<\/div><div class=\"postsummary-spacing\"><p>Ingredientes 2 oz. de Pisco \u00bd oz. de jarabe de az\u00facar o 1 cucharada de az\u00facar blanca 1 oz. de jugo de lima o 1 oz. de jugo de maracuy\u00e1 Cubos de hielo Amargo de Angostura Ginger ale &nbsp; Llena el vaso con los cubos de hielo hasta el tope, agrega el Pisco, luego el jarabe de az\u00facar y el jugo de lima. Decora con una rodaja de lima y aromatiza con el amargo.<\/p>\n<\/div><section class=\"centered-container\"><a class=\"arrow-link link--arrowed\" href=\"https:\/\/cuscocookingclass.com\/es\/chilcano\/\">Continue reading<svg class=\"arrow-icon\" xmlns=\"http:\/\/www.w3.org\/2000\/svg\" width=\"24\" height=\"24\" viewBox=\"0 0 32 32\">\n\t      <g fill=\"none\" stroke=\"#000\" stroke-width=\"1.5\" stroke-linejoin=\"round\" stroke-miterlimit=\"10\">\n\t        <circle class=\"arrow-icon--circle\" cx=\"16\" cy=\"16\" r=\"15.12\"><\/circle>\n\t        <path class=\"arrow-icon--arrow\" d=\"M16.14 9.93L22.21 16l-6.07 6.07M8.23 16h13.98\"><\/path>\n\t      <\/g>\n\t    <\/svg><\/a>\n\t<\/section><\/div>\n<\/div><\/div><\/div>\n<\/div><\/div>\n<div class=\"entry-content-wrapper\">\n<div class=\"topseperator entry-wrapper post-standard-wrapper clearfix\">\n<div class=\"blog-content-section\">\n<div id=\"post-14021\" class=\"post-14021 post type-post status-publish format-standard has-post-thumbnail hentry category-recetas\">\n<div class=\"entry-content postformat_contents post-display-excerpt clearfix\">\n<div class=\"post-format-media\"><img src=\"https:\/\/cuscocookingclass.com\/wp-content\/themes\/tamarind\/images\/placeholders\/placeholder-770x550.gif\" data-src=\"https:\/\/cuscocookingclass.com\/wp-content\/uploads\/2025\/01\/pisco_sour_3.webp\" alt=\"\" class=\" lazyload\"\/><\/div><div class=\"entry-blog-contents-wrap clearfix\">\n\t\t<div class=\"entry-post-title\">\n\t\t<h2>\n\t\t<a class=\"postformat_standard\" href=\"https:\/\/cuscocookingclass.com\/es\/pisco-sour\/\" title=\"Permalink to Pisco Sour\" rel=\"bookmark\">Pisco Sour<\/a>\n\t\t<\/h2>\n\t\t<\/div>\n\t\t<div class=\"postsummarywrap \">\n\t<div class=\"datecomment clearfix\">\n\t\t\t<span class=\"post-single-meta\">\n\t\t<i class=\"feather-icon-paper\"><\/i>\n\t\t<span class=\"post-meta-author\">\n\t\t\tBy Support\t\t<\/span>\n\t\t<\/span>\n\t\t<span class=\"post-single-meta\">\n\t\t\t<span class=\"post-meta-time\">\n\t\t\t<i class=\"feather-icon-clock\"><\/i>\n\t\t\t<a href=\"https:\/\/cuscocookingclass.com\/es\/pisco-sour\/\" title=\"Permalink to Pisco Sour\" rel=\"bookmark\">\n\t\t\t<span class=\"date updated\">27 enero, 2025<\/span>\t\t\t<\/a>\n\t\t\t<\/span>\n\t\t<\/span>\n\t\t<span class=\"post-single-meta\">\n\t\t\t\t\t<\/span>\n\t\t<span class=\"post-single-meta post-meta-category\">\n\t\t\t<i class=\"feather-icon-paper\"><\/i>\n\t\t\t<a href=\"https:\/\/cuscocookingclass.com\/es\/category\/recetas\/\" rel=\"category tag\">recetas<\/a>\t\t<\/span>\n\t<\/div>\n<\/div><div class=\"postsummary-spacing\"><p>Ingredientes 3 oz. de Pisco 1 oz. de jarabe de az\u00facar o 1 cucharada de az\u00facar blanca 1 oz. de jugo de lima 6 cubos de hielo \u00bd oz. de clara de huevo Amargo de Angostura &nbsp; Agita todos los ingredientes y sirve. Aseg\u00farate de obtener una textura espumosa. Decora con 2 o 3 gotas de amargo.<\/p>\n<\/div><section class=\"centered-container\"><a class=\"arrow-link link--arrowed\" href=\"https:\/\/cuscocookingclass.com\/es\/pisco-sour\/\">Continue reading<svg class=\"arrow-icon\" xmlns=\"http:\/\/www.w3.org\/2000\/svg\" width=\"24\" height=\"24\" viewBox=\"0 0 32 32\">\n\t      <g fill=\"none\" stroke=\"#000\" stroke-width=\"1.5\" stroke-linejoin=\"round\" stroke-miterlimit=\"10\">\n\t        <circle class=\"arrow-icon--circle\" cx=\"16\" cy=\"16\" r=\"15.12\"><\/circle>\n\t        <path class=\"arrow-icon--arrow\" d=\"M16.14 9.93L22.21 16l-6.07 6.07M8.23 16h13.98\"><\/path>\n\t      <\/g>\n\t    <\/svg><\/a>\n\t<\/section><\/div>\n<\/div><\/div><\/div>\n<\/div><\/div>\n<div class=\"entry-content-wrapper\">\n<div class=\"topseperator entry-wrapper post-standard-wrapper clearfix\">\n<div class=\"blog-content-section\">\n<div id=\"post-14017\" class=\"post-14017 post type-post status-publish format-standard has-post-thumbnail hentry category-recetas\">\n<div class=\"entry-content postformat_contents post-display-excerpt clearfix\">\n<div class=\"post-format-media\"><img src=\"https:\/\/cuscocookingclass.com\/wp-content\/themes\/tamarind\/images\/placeholders\/placeholder-770x550.gif\" data-src=\"https:\/\/cuscocookingclass.com\/wp-content\/uploads\/2025\/01\/causa-rellena-de-pollo.webp\" alt=\"\" class=\" lazyload\"\/><\/div><div class=\"entry-blog-contents-wrap clearfix\">\n\t\t<div class=\"entry-post-title\">\n\t\t<h2>\n\t\t<a class=\"postformat_standard\" href=\"https:\/\/cuscocookingclass.com\/es\/causita\/\" title=\"Permalink to Causita\" rel=\"bookmark\">Causita<\/a>\n\t\t<\/h2>\n\t\t<\/div>\n\t\t<div class=\"postsummarywrap \">\n\t<div class=\"datecomment clearfix\">\n\t\t\t<span class=\"post-single-meta\">\n\t\t<i class=\"feather-icon-paper\"><\/i>\n\t\t<span class=\"post-meta-author\">\n\t\t\tBy Support\t\t<\/span>\n\t\t<\/span>\n\t\t<span class=\"post-single-meta\">\n\t\t\t<span class=\"post-meta-time\">\n\t\t\t<i class=\"feather-icon-clock\"><\/i>\n\t\t\t<a href=\"https:\/\/cuscocookingclass.com\/es\/causita\/\" title=\"Permalink to Causita\" rel=\"bookmark\">\n\t\t\t<span class=\"date updated\">27 enero, 2025<\/span>\t\t\t<\/a>\n\t\t\t<\/span>\n\t\t<\/span>\n\t\t<span class=\"post-single-meta\">\n\t\t\t\t\t<\/span>\n\t\t<span class=\"post-single-meta post-meta-category\">\n\t\t\t<i class=\"feather-icon-paper\"><\/i>\n\t\t\t<a href=\"https:\/\/cuscocookingclass.com\/es\/category\/recetas\/\" rel=\"category tag\">recetas<\/a>\t\t<\/span>\n\t<\/div>\n<\/div><div class=\"postsummary-spacing\"><p>Ingredientes 50 gr. de langostinos o pollo \u00bd libra de las mejores papas que puedas encontrar para hacer pur\u00e9 (papas harinosas) Jugo de \u00bd lima o al gusto 1 oz. de aceite vegetal 2 cucharadas de pasta de aj\u00ed amarillo peruano (esto se puede sustituir con curry amarillo o cualquier otra pasta de aj\u00ed no picante) 1 cucharada de pasta de aj\u00ed picante \u00bd aguacate, 1 huevo cocido, 2 aceitunas negras, 1 oz. de mayonesa, sal y pimienta Mise en [&hellip;]<\/p>\n<\/div><section class=\"centered-container\"><a class=\"arrow-link link--arrowed\" href=\"https:\/\/cuscocookingclass.com\/es\/causita\/\">Continue reading<svg class=\"arrow-icon\" xmlns=\"http:\/\/www.w3.org\/2000\/svg\" width=\"24\" height=\"24\" viewBox=\"0 0 32 32\">\n\t      <g fill=\"none\" stroke=\"#000\" stroke-width=\"1.5\" stroke-linejoin=\"round\" stroke-miterlimit=\"10\">\n\t        <circle class=\"arrow-icon--circle\" cx=\"16\" cy=\"16\" r=\"15.12\"><\/circle>\n\t        <path class=\"arrow-icon--arrow\" d=\"M16.14 9.93L22.21 16l-6.07 6.07M8.23 16h13.98\"><\/path>\n\t      <\/g>\n\t    <\/svg><\/a>\n\t<\/section><\/div>\n<\/div><\/div><\/div>\n<\/div><\/div>\n<div class=\"clearfix\"><\/div>\n<!-- ADD Custom Numbered Pagination code. -->\n<\/div>\n","protected":false},"excerpt":{"rendered":"","protected":false},"author":1,"featured_media":0,"parent":0,"menu_order":0,"comment_status":"open","ping_status":"open","template":"","meta":[],"_links":{"self":[{"href":"https:\/\/cuscocookingclass.com\/es\/wp-json\/wp\/v2\/pages\/14055"}],"collection":[{"href":"https:\/\/cuscocookingclass.com\/es\/wp-json\/wp\/v2\/pages"}],"about":[{"href":"https:\/\/cuscocookingclass.com\/es\/wp-json\/wp\/v2\/types\/page"}],"author":[{"embeddable":true,"href":"https:\/\/cuscocookingclass.com\/es\/wp-json\/wp\/v2\/users\/1"}],"replies":[{"embeddable":true,"href":"https:\/\/cuscocookingclass.com\/es\/wp-json\/wp\/v2\/comments?post=14055"}],"version-history":[{"count":6,"href":"https:\/\/cuscocookingclass.com\/es\/wp-json\/wp\/v2\/pages\/14055\/revisions"}],"predecessor-version":[{"id":14127,"href":"https:\/\/cuscocookingclass.com\/es\/wp-json\/wp\/v2\/pages\/14055\/revisions\/14127"}],"wp:attachment":[{"href":"https:\/\/cuscocookingclass.com\/es\/wp-json\/wp\/v2\/media?parent=14055"}],"curies":[{"name":"wp","href":"https:\/\/api.w.org\/{rel}","templated":true}]}}