{"id":14110,"date":"2025-01-27T22:18:18","date_gmt":"2025-01-28T03:18:18","guid":{"rendered":"https:\/\/cuscocookingclass.com\/about-us-2\/"},"modified":"2025-01-31T11:24:17","modified_gmt":"2025-01-31T16:24:17","slug":"about-us-2","status":"publish","type":"page","link":"https:\/\/cuscocookingclass.com\/es\/about-us-2\/","title":{"rendered":"Nosotros 2024"},"content":{"rendered":"\n\n<div class=\"photocard-image-two-wrap\">\n<div class=\"photocard-wrap-common photocard-wrap-type-two clearfix\" data-jarallax='{\"speed\": 0.3}' style=\"background-image:url();\">\n\n\t<div class=\"photocard-content-wrap photocard-default column-float-center column-half\">\n\t\t<div class=\"photocard-contents-inner text-align-center\" style=\"background-color:rgba(,,,0.95);\">\n\t\t\t<div class=\"heading-block\">\n\t\t\t\t<h2 class=\"photocard-title\">\n\t\t\t\tBienvenidos a\n\t\t\t\t<\/h2>\n\t\t\t\t<h3 class=\"photocard-subtitle\">\n\t\t\t\t\tla Clase de Cocina Ivanna Lescano\n\t\t\t\t<\/h3>\n\t\t\t<\/div>\n\t\t\t<div class=\"photocard-contents\">\n\t\t\t<p><img decoding=\"async\" loading=\"lazy\" class=\"size-full wp-image-14093 aligncenter\" src=\"http:\/\/cuscocookingclass.com\/wp-content\/uploads\/2025\/01\/divisores-4_sinf.png\" alt=\"\" width=\"275\" height=\"50\" \/><\/p>\n<p>Ivanna Lescano Cooking Class fue creada con el objetivo de hacer que la experiencia de la cocina peruana sea accesible para todos. Dise\u00f1adas para quienes tienen tiempo limitado, nuestras clases son directas y llenas de informaci\u00f3n pr\u00e1ctica, permiti\u00e9ndote sumergirte en la esencia de la gastronom\u00eda peruana sin comprometer la calidad.<\/p>\n<p>Nos enfocamos en ense\u00f1arte las t\u00e9cnicas y sabores clave que definen el patrimonio culinario del Per\u00fa, utilizando ingredientes frescos y de origen local en cada plato.<\/p>\n<p>Nuestras clases de cocina en Cusco son din\u00e1micas y accesibles, lo que las hace perfectas para principiantes, viajeros o cualquier persona que busque una experiencia aut\u00e9ntica y divertida en la cocina.<\/p>\n<p><img decoding=\"async\" loading=\"lazy\" class=\"size-full wp-image-14093 aligncenter\" src=\"http:\/\/cuscocookingclass.com\/wp-content\/uploads\/2025\/01\/divisores-4_sinf.png\" alt=\"\" width=\"275\" height=\"50\" \/><\/p>\n<p>En Ivanna Lescano Cooking Class, creemos que aprender a cocinar debe ser una experiencia agradable y sencilla. Nuestros talleres ofrecen un ambiente c\u00e1lido y acogedor, donde puedes conectar con la rica cultura gastron\u00f3mica del Per\u00fa de manera f\u00e1cil, asequible y eficiente en tiempo.<\/p>\n<p>Ya seas un amante de la gastronom\u00eda o simplemente tengas curiosidad por los sabores peruanos, Ivanna Lescano Cooking Class es tu puerta de entrada para explorar este mundo de una forma que se adapte a tu estilo de vida.<\/p>\n<p>\u00a1\u00danete a nosotros en una r\u00e1pida y pr\u00e1ctica aventura culinaria y ll\u00e9vate a casa el inolvidable sabor del Per\u00fa!<\/p>\n<p><img decoding=\"async\" loading=\"lazy\" class=\"size-full wp-image-14093 aligncenter\" src=\"http:\/\/cuscocookingclass.com\/wp-content\/uploads\/2025\/01\/divisores-4_sinf.png\" alt=\"\" width=\"275\" height=\"50\" \/><\/p>\n\n\t\t\t<\/div>\n\t\t<\/div>\n\t<\/div>\n<\/div>\n<\/div>\n\n","protected":false},"excerpt":{"rendered":"","protected":false},"author":1,"featured_media":0,"parent":0,"menu_order":0,"comment_status":"closed","ping_status":"closed","template":"","meta":[],"_links":{"self":[{"href":"https:\/\/cuscocookingclass.com\/es\/wp-json\/wp\/v2\/pages\/14110"}],"collection":[{"href":"https:\/\/cuscocookingclass.com\/es\/wp-json\/wp\/v2\/pages"}],"about":[{"href":"https:\/\/cuscocookingclass.com\/es\/wp-json\/wp\/v2\/types\/page"}],"author":[{"embeddable":true,"href":"https:\/\/cuscocookingclass.com\/es\/wp-json\/wp\/v2\/users\/1"}],"replies":[{"embeddable":true,"href":"https:\/\/cuscocookingclass.com\/es\/wp-json\/wp\/v2\/comments?post=14110"}],"version-history":[{"count":5,"href":"https:\/\/cuscocookingclass.com\/es\/wp-json\/wp\/v2\/pages\/14110\/revisions"}],"predecessor-version":[{"id":14123,"href":"https:\/\/cuscocookingclass.com\/es\/wp-json\/wp\/v2\/pages\/14110\/revisions\/14123"}],"wp:attachment":[{"href":"https:\/\/cuscocookingclass.com\/es\/wp-json\/wp\/v2\/media?parent=14110"}],"curies":[{"name":"wp","href":"https:\/\/api.w.org\/{rel}","templated":true}]}}